{"id":60,"date":"2019-11-20T17:02:25","date_gmt":"2019-11-20T17:02:25","guid":{"rendered":"https:\/\/setarofineinstruments.com\/?page_id=60"},"modified":"2021-07-30T17:10:25","modified_gmt":"2021-07-30T17:10:25","slug":"services","status":"publish","type":"page","link":"https:\/\/setarofineinstruments.com\/it\/services\/","title":{"rendered":"Servizi"},"content":{"rendered":"<div class=\"wpb-content-wrapper\"><div class=\"vc-row-container vc-row-container--stretch-content\"><div data-vc-full-width=\"true\" data-vc-full-width-init=\"false\" data-vc-stretch-content=\"true\" class=\"vc_row wpb_row vc_row-fluid vc_row-o-equal-height vc_row-flex\"><div class=\"no-margin-desktop wpb_column vc_column_container vc_col-sm-6 vc_col-has-fill\"><div class=\"vc_column-inner vc_custom_1588758706421\"><div class=\"wpb_wrapper\"><div class=\"vc_empty_space\"   style=\"height: 100px\"><span class=\"vc_empty_space_inner\"><\/span><\/div><\/div><\/div><\/div><div class=\"wpb_column vc_column_container vc_col-sm-6 vc_col-has-fill\"><div class=\"vc_column-inner vc_custom_1588758575114\"><div class=\"wpb_wrapper\">\n\t<div class=\"wpb_text_column wpb_content_element vc_custom_1627422034930 post-formatting\" >\n\t\t<div class=\"wpb_wrapper\">\n\t\t\t<h3>Assicurazione<\/h3>\n<div class=\"box-content-p\">\n<p><span class=\"\">Tutelare il proprio strumento musicale \u00e8 fondamentale.\nE\u2019 infatti indispensabile che il violino (o qualsiasi altro strumento) sia assicurato contro il furto, eventuali rotture accidentali e ogni altro evento spiacevole che comporterebbe un deprezzamento notevole del proprio strumento.\nPer poter offrire un\u2019assistenza completa abbiamo creato un rapporto di collaborazione con una delle maggiori compagnie assicuratrici al mondo la Lark Insurance Broking Group \u2013 London divenendo loro \u201cofficial introducer\u201d, supportando coloro che vogliano attivare una polizza o sottoporre ad esame il loro strumento per una lettera di valutazione.\n\n\nPer maggiori informazioni scrivere a d@setarofineinstruments.com oppure visita questo link.\nIntroducer code: 22618528\u00a0<\/span><\/p>\n<p><span class=\"\">Per maggiori informazioni scrivere a\u00a0<\/span><a class=\"\" href=\"mailto:daniela@setarofineinstruments.com\">d@setarofineinstruments.com<\/a><span class=\"\">\u00a0 oppure visita questo link.\u00a0<\/span><\/p>\n<\/div>\n\n\t\t<\/div>\n\t<\/div>\n<\/div><\/div><\/div><\/div><div class=\"vc_row-full-width vc_clearfix\"><\/div><\/div><div class=\"vc-row-container vc-row-container--stretch-content\"><div data-vc-full-width=\"true\" data-vc-full-width-init=\"false\" data-vc-stretch-content=\"true\" class=\"vc_row wpb_row vc_row-fluid vc_row-o-equal-height vc_row-flex\"><div class=\"wpb_column vc_column_container vc_col-sm-6 vc_col-has-fill\"><div class=\"vc_column-inner vc_custom_1588758583173\"><div class=\"wpb_wrapper\">\n\t<div class=\"wpb_text_column wpb_content_element vc_custom_1627596324958 post-formatting\" >\n\t\t<div class=\"wpb_wrapper\">\n\t\t\t<h3>Noleggio<\/h3>\n<div class=\"box-content-p\">\n<p><span class=\"\">Non sempre un musicista all\u2019inizio della propria carriera \u00e8 in grado di comprare uno strumento di prestigio e talvolta si subisce questa condizione come un limite invalicabile.\n\nPer questo motivo Giovanni Setaro offre ai musicisti meritevoli l\u2019opportunit\u00e0 di noleggiare uno strumento cercando cos\u00ec di valorizzarne il talento privilegiando la passione e salvaguardando il desiderio di esprimere le proprie capacit\u00e0 oltre ogni difficolt\u00e0 oggettiva.<\/span><\/p>\n<div class=\"\"><span class=\"\" style=\"font-family: Helvetica Neue, Helvetica, Arial, sans-serif;\">\u00a0<\/span><\/div>\n<div class=\"\"><span class=\"\">Per maggiori informazioni scrivere a<\/span><span class=\"\">\u00a0<a class=\"\" href=\"mailto:k@setarofineinstrumets.com\">d@setarofineinstrumets.com<\/a><\/span><span class=\"\" style=\"font-family: Helvetica Neue, Helvetica, Arial, sans-serif;\"><br class=\"\" \/><\/span><\/div>\n<\/div>\n\n\t\t<\/div>\n\t<\/div>\n<\/div><\/div><\/div><div class=\"no-margin-desktop wpb_column vc_column_container vc_col-sm-6 vc_col-has-fill\"><div class=\"vc_column-inner vc_custom_1588758718088\"><div class=\"wpb_wrapper\"><div class=\"vc_empty_space\"   style=\"height: 100px\"><span class=\"vc_empty_space_inner\"><\/span><\/div><\/div><\/div><\/div><\/div><div class=\"vc_row-full-width vc_clearfix\"><\/div><\/div><div class=\"vc-row-container vc-row-container--stretch-content\"><div data-vc-full-width=\"true\" data-vc-full-width-init=\"false\" data-vc-stretch-content=\"true\" class=\"vc_row wpb_row vc_row-fluid vc_custom_1578415227770 vc_row-o-equal-height vc_row-flex\"><div class=\"no-margin-desktop wpb_column vc_column_container vc_col-sm-6 vc_col-has-fill\"><div class=\"vc_column-inner vc_custom_1588758726811\"><div class=\"wpb_wrapper\"><div class=\"vc_empty_space\"   style=\"height: 100px\"><span class=\"vc_empty_space_inner\"><\/span><\/div><\/div><\/div><\/div><div class=\"wpb_column vc_column_container vc_col-sm-6 vc_col-has-fill\"><div class=\"vc_column-inner vc_custom_1588758596002\"><div class=\"wpb_wrapper\">\n\t<div class=\"wpb_text_column wpb_content_element vc_custom_1627422006601 post-formatting\" >\n\t\t<div class=\"wpb_wrapper\">\n\t\t\t<h3>Patronage<\/h3>\n<div class=\"box-content-p\">\n<p>Per un ottimo musicista e soprattutto per un solista, avere uno strumento di pregio \u00e8 una necessit\u00e0.\nPurtroppo \u00e8 praticamente impossibile per un violinista, soprattutto giovane, poter acquistare uno strumento tra quelli definiti \u201cfine instruments\u201d, in quanto i prezzi relativi all\u2019acquisto di tali beni superano di gran lunga il potere economico espresso da una professione condotta ad alti livelli.<br \/>\nChiunque voglia saperne di pi\u00f9, sia musicista in cerca di sponsor sia potenziale mecenate investitore, non esiti a contattarci inviando una mail a k@giovannisetaro.com<\/p>\n<\/div>\n\n\t\t<\/div>\n\t<\/div>\n<\/div><\/div><\/div><\/div><div class=\"vc_row-full-width vc_clearfix\"><\/div><\/div><div class=\"vc-row-container vc-row-container--stretch-content\"><div data-vc-full-width=\"true\" data-vc-full-width-init=\"false\" data-vc-stretch-content=\"true\" class=\"vc_row wpb_row vc_row-fluid vc_row-o-equal-height vc_row-flex\"><div class=\"wpb_column vc_column_container vc_col-sm-6 vc_col-has-fill\"><div class=\"vc_column-inner vc_custom_1588758609336\"><div class=\"wpb_wrapper\">\n\t<div class=\"wpb_text_column wpb_content_element vc_custom_1627589028218 post-formatting\" >\n\t\t<div class=\"wpb_wrapper\">\n\t\t\t<h3>Messa appunto acustica<\/h3>\n<div class=\"box-content-p\">\n<p>A correct set up of the instrument enhances the acoustic performance, making it easier for the musician to search for sound. Thanks to his training as a professional violinist, Giovanni Setaro has the ability to enhance the sound with a refined set up.<\/p>\n<\/div>\n\n\t\t<\/div>\n\t<\/div>\n<\/div><\/div><\/div><div class=\"no-margin-desktop wpb_column vc_column_container vc_col-sm-6 vc_col-has-fill\"><div class=\"vc_column-inner vc_custom_1588758738963\"><div class=\"wpb_wrapper\"><div class=\"vc_empty_space\"   style=\"height: 100px\"><span class=\"vc_empty_space_inner\"><\/span><\/div><\/div><\/div><\/div><\/div><div class=\"vc_row-full-width vc_clearfix\"><\/div><\/div><div class=\"vc-row-container vc-row-container--stretch-content\"><div data-vc-full-width=\"true\" data-vc-full-width-init=\"false\" data-vc-stretch-content=\"true\" class=\"vc_row wpb_row vc_row-fluid vc_custom_1578415236666 vc_row-o-equal-height vc_row-flex\"><div class=\"no-margin-desktop wpb_column vc_column_container vc_col-sm-6 vc_col-has-fill\"><div class=\"vc_column-inner vc_custom_1588758747706\"><div class=\"wpb_wrapper\"><div class=\"vc_empty_space\"   style=\"height: 100px\"><span class=\"vc_empty_space_inner\"><\/span><\/div><\/div><\/div><\/div><div class=\"wpb_column vc_column_container vc_col-sm-6 vc_col-has-fill\"><div class=\"vc_column-inner vc_custom_1588758616551\"><div class=\"wpb_wrapper\">\n\t<div class=\"wpb_text_column wpb_content_element vc_custom_1627592048867 post-formatting\" >\n\t\t<div class=\"wpb_wrapper\">\n\t\t\t<h3>Restauro<\/h3>\n<p>Un aspetto molto importante del nostro lavoro riguarda il restauro e la conservazione storica di violini, viole e violoncelli nel rispetto del lavoro che artisti come Stradivari hanno svolta nell'arco della loro vita.<br \/>\nCon la cura e l'attenzione necessaria ci occupiamo del restauro volto alla valorizzazione artistica e alla conservazione di strumenti che talvolta ci vengono consegnati da musicisti esigenti e collezionisti meticolosi.<\/p>\n<p>&nbsp;<\/p>\n<div class=\"box-content-p\">\n<p>&nbsp;<\/p>\n<\/div>\n\n\t\t<\/div>\n\t<\/div>\n<\/div><\/div><\/div><\/div><div class=\"vc_row-full-width vc_clearfix\"><\/div><\/div><div class=\"vc-row-container vc-row-container--stretch-content\"><div data-vc-full-width=\"true\" data-vc-full-width-init=\"false\" data-vc-stretch-content=\"true\" class=\"vc_row wpb_row vc_row-fluid vc_custom_1578415241518 vc_row-o-equal-height vc_row-flex\"><div class=\"wpb_column vc_column_container vc_col-sm-6 vc_col-has-fill\"><div class=\"vc_column-inner vc_custom_1588758624762\"><div class=\"wpb_wrapper\">\n\t<div class=\"wpb_text_column wpb_content_element vc_custom_1627510357850 post-formatting\" >\n\t\t<div class=\"wpb_wrapper\">\n\t\t\t<h3>Investimento Alternativo<\/h3>\n<div class=\"box-content-p\">\n<p>Storicamente il mondo dei \"fine instruments\" \u00e8 sempre stato riservato a una nicchia di appassionati o musicisti con particolari abilit\u00e0. Negli ultimi anni la nascente richiesta di violini, viole e violoncelli per nuovi musicisti di talento dall'oriente, ha aumentato la richiesta facendo salire i prezzi degli strumenti. Scrivi per avere maggiori info sugli incrementi annui a g@setarofineinstruments.com<\/p>\n<\/div>\n\n\t\t<\/div>\n\t<\/div>\n<\/div><\/div><\/div><div class=\"no-margin-desktop wpb_column vc_column_container vc_col-sm-6 vc_col-has-fill\"><div class=\"vc_column-inner vc_custom_1578400497885\"><div class=\"wpb_wrapper\"><div class=\"vc_empty_space\"   style=\"height: 100px\"><span class=\"vc_empty_space_inner\"><\/span><\/div><\/div><\/div><\/div><\/div><div class=\"vc_row-full-width vc_clearfix\"><\/div><\/div>\n<\/div>","protected":false},"excerpt":{"rendered":"Insurance Protecting your musical instrument is essential. It is in fact essential that the violin (or any other instrument) is insured against theft, any accidental breakage and any other unplanned event that would result in a significant depreciation of your instrument. In order to offer complete assistance, we have created a partnership with one of&hellip;","protected":false},"author":1,"featured_media":0,"parent":0,"menu_order":0,"comment_status":"closed","ping_status":"closed","template":"","meta":{"_acf_changed":false,"footnotes":""},"class_list":["post-60","page","type-page","status-publish","hentry"],"acf":[],"aioseo_notices":[],"_links":{"self":[{"href":"https:\/\/setarofineinstruments.com\/it\/wp-json\/wp\/v2\/pages\/60","targetHints":{"allow":["GET"]}}],"collection":[{"href":"https:\/\/setarofineinstruments.com\/it\/wp-json\/wp\/v2\/pages"}],"about":[{"href":"https:\/\/setarofineinstruments.com\/it\/wp-json\/wp\/v2\/types\/page"}],"author":[{"embeddable":true,"href":"https:\/\/setarofineinstruments.com\/it\/wp-json\/wp\/v2\/users\/1"}],"replies":[{"embeddable":true,"href":"https:\/\/setarofineinstruments.com\/it\/wp-json\/wp\/v2\/comments?post=60"}],"version-history":[{"count":0,"href":"https:\/\/setarofineinstruments.com\/it\/wp-json\/wp\/v2\/pages\/60\/revisions"}],"wp:attachment":[{"href":"https:\/\/setarofineinstruments.com\/it\/wp-json\/wp\/v2\/media?parent=60"}],"curies":[{"name":"wp","href":"https:\/\/api.w.org\/{rel}","templated":true}]}}