{"id":75,"date":"2019-11-20T17:10:44","date_gmt":"2019-11-20T17:10:44","guid":{"rendered":"https:\/\/setarofineinstruments.com\/?page_id=75"},"modified":"2021-07-29T21:28:01","modified_gmt":"2021-07-29T21:28:01","slug":"giovannisetaro","status":"publish","type":"page","link":"https:\/\/setarofineinstruments.com\/it\/giovannisetaro\/","title":{"rendered":"Chi siamo"},"content":{"rendered":"<div class=\"wpb-content-wrapper\"><div class=\"vc-row-container container\"><div class=\"vc_row wpb_row vc_row-fluid vc_row-o-equal-height vc_row-o-content-middle vc_row-flex\"><div class=\"wpb_column vc_column_container vc_col-sm-5 vc_hidden-lg vc_hidden-md vc_hidden-sm vc_col-has-fill\"><div class=\"vc_column-inner vc_custom_1578405307782\"><div class=\"wpb_wrapper\">\n\t<div  class=\"wpb_single_image wpb_content_element vc_align_center wpb_content_element\">\n\t\t\n\t\t<figure class=\"wpb_wrapper vc_figure\">\n\t\t\t<div class=\"vc_single_image-wrapper   vc_box_border_grey\"><img loading=\"lazy\" decoding=\"async\" width=\"1920\" height=\"1280\" src=\"https:\/\/setarofineinstruments.com\/wp-content\/uploads\/2020\/05\/10_Site.jpg\" class=\"vc_single_image-img attachment-full\" alt=\"\" title=\"10_Site\" srcset=\"https:\/\/setarofineinstruments.com\/wp-content\/uploads\/2020\/05\/10_Site.jpg 1920w, https:\/\/setarofineinstruments.com\/wp-content\/uploads\/2020\/05\/10_Site-300x200.jpg 300w, https:\/\/setarofineinstruments.com\/wp-content\/uploads\/2020\/05\/10_Site-768x512.jpg 768w, https:\/\/setarofineinstruments.com\/wp-content\/uploads\/2020\/05\/10_Site-1024x683.jpg 1024w, https:\/\/setarofineinstruments.com\/wp-content\/uploads\/2020\/05\/10_Site-1612x1075.jpg 1612w, https:\/\/setarofineinstruments.com\/wp-content\/uploads\/2020\/05\/10_Site-1116x744.jpg 1116w, https:\/\/setarofineinstruments.com\/wp-content\/uploads\/2020\/05\/10_Site-806x537.jpg 806w, https:\/\/setarofineinstruments.com\/wp-content\/uploads\/2020\/05\/10_Site-558x372.jpg 558w, https:\/\/setarofineinstruments.com\/wp-content\/uploads\/2020\/05\/10_Site-655x437.jpg 655w, https:\/\/setarofineinstruments.com\/wp-content\/uploads\/2020\/05\/10_Site-24x16.jpg 24w, https:\/\/setarofineinstruments.com\/wp-content\/uploads\/2020\/05\/10_Site-36x24.jpg 36w, https:\/\/setarofineinstruments.com\/wp-content\/uploads\/2020\/05\/10_Site-48x32.jpg 48w\" sizes=\"auto, (max-width: 1920px) 100vw, 1920px\" \/><\/div>\n\t\t<\/figure>\n\t<\/div>\n<\/div><\/div><\/div><div class=\"wpb_column vc_column_container vc_col-sm-7 vc_hidden-lg vc_hidden-md vc_hidden-sm\"><div class=\"vc_column-inner\"><div class=\"wpb_wrapper\"><div id=\"scrollbox-506169\" class=\"lab-scroll-box   vc_custom_1611424382001\" data-height=\"600\">\n\t\n\t<div class=\"lab-scroll-box-content\" style=\"max-height: 600px;\">\n\t\t\n\t\t<\/p>\n<div class=\"gmail_default\">ll Maestro Giovanni Setaro si forma dapprima come musicista per poi estendere le sue competenze all\u2019arte della costruzione e del restauro di strumenti ad arco.<br \/>\nGrazie a questa duplice conoscenza, della musica e dello strumento, \u00e8 diventato un punto di riferimento per tantissimi musicisti, potendo per loro modulare e fissare il suono migliore.\u201cLa ricerca del suono ha accompagnato la mia formazione sin dal primo approccio al violino.<br \/>\nLe primordiali \u201ccorde vuote\u201d hanno fatto da preludio alla nascente passione per un suono ricco di armonici e di colori.Qualsiasi musicista, giunto ad un livello tecnico che gli consenta di esprimere le emozioni racchiuse nella parte pi\u00f9 intima dell\u2019anima, prova a spingere il proprio strumento oltre le sue oggettive possibilit\u00e0 strutturali.Talvolta, studiare fino allo spasimo pu\u00f2 non bastare.<br \/>\nPer ampliare la gamma delle sonorit\u00e0, per rendere pi\u00f9 nitido un passaggio virtuosistico, \u00e8 necessario che lo strumento abbia le giuste caratteristiche e che sia messo in condizione di dare il massimo.La mia passione per la liuteria e per la ricerca di una \u201cmessa a punto\u201d corretta, nasce dalla profonda esigenza di trovare l\u2019equilibrio perfetto che liberasse le mie capacit\u00e0 espressive ed esaltasse le qualit\u00e0 del mio Violino, uno splendido Pressenda del &#8230;.. .Lo studio delle grandi scuole di liuteria, dei materiali, delle bombature e degli spessori, diventa cos\u00ec importante per la mia formazione da risultare prioritario nella ricerca del suono.<br \/>\nInizia cos\u00ec la mia spasmodica ricerca di strumenti di qualit\u00e0 e fascino, tra storia e tradizione, colore e marezzatura, costantemente immerso nel mondo della liuteria, consapevole del fatto che senza Bach, Beethoven e Brahms, non avrei trovato il senso del mio percorso.\u201dQuesto \u00e8 lo spirito con il quale il Maestro Setaro si \u00e8 rapidamente affermato a livello internazionale, sempre impegnato nella ricerca di strumenti di pregio, capaci di coniugare al meglio aspetti economici, tecnici e storico-culturali.<\/div>\n<p>\n\t\t\n\t<\/div>\n\t\n<\/div><\/div><\/div><\/div><\/div><\/div><div class=\"vc-row-container vc-row-container--stretch-content-no-spaces parent--prioritario\"><div data-vc-full-width=\"true\" data-vc-full-width-init=\"false\" data-vc-stretch-content=\"true\" class=\"vc_row wpb_row vc_row-fluid prioritario vc_custom_1611597764967 vc_row-has-fill vc_row-no-padding vc_row-o-full-height vc_row-o-columns-middle vc_row-o-equal-height vc_row-o-content-middle vc_row-flex\"><div class=\"wpb_column vc_column_container vc_col-sm-3 vc_hidden-xs vc_col-has-fill\"><div class=\"vc_column-inner vc_custom_1578405283408\"><div class=\"wpb_wrapper\"><div id=\"scrollbox-380409\" class=\"lab-scroll-box   vc_custom_1627309759953\" data-height=\"600\">\n\t\n\t<div class=\"lab-scroll-box-content\" style=\"max-height: 600px;\">\n\t\t\n\t\t<\/p>\n<div class=\"gmail_default\">\n<p><br class=\"\" \/><span class=\"\" style=\"color: #f2ca50;\"><span class=\"\">La Setaro Fine Instruments and Bows nasce dalla comune passione per la musica di un gruppo  esperti del settore artistico, finanziario e legale. Il nome della Compagnia \u00e8 un riconoscimento al Maestro Giovanni Setaro che offre la sua collaborazione professionale e che ha dato un grande contributo emotivo spingendoci a coltivare la passione per la musica e per gli strumenti ad arco.<\/span><br class=\"\" \/><br class=\"\" \/><span class=\"\">Per noi \u00e8 importante condividere la sua esperienza con \u201cil pubblico che ci legge\u201d e a questo proposito \u00e8 con orgoglio che riferiamo le sue parole , che sono state fonte di ispirazione per noi e che ci hanno portato alla nostra realt\u00e0.\u00a0<\/span><br class=\"\" \/><br class=\"\" \/><span class=\"\">ll Maestro Giovanni Setaro si forma dapprima come musicista per poi estendere le sue competenze alla comprensione dell\u2019arte della costruzione e del restauro di strumenti ad arco.\nGrazie a questa duplice conoscenza, della musica e dello strumento, \u00e8 diventato un punto di riferimento per tantissimi musicisti, potendo per loro modulare e fissare il suono migliore.\u00a0<\/span><br class=\"\" \/><span class=\"\">Thanks to his dual knowledge of music and the instrument, he has become a point of reference for many musicians to seek his expertise to modulate and perfectly tailor the sound of each instrument. \u00a0\u2028<\/span><br class=\"\" \/><span class=\"\">\u201cLa ricerca del suono ha accompagnato la mia formazione sin dal primo approccio al violino.<\/span><br class=\"\" \/><span class=\"\">Le primordiali \u201ccorde vuote\u201d hanno fatto da preludio alla nascente passione per un suono ricco di armonici e di colori. \u00a0<\/span><br class=\"\" \/><span class=\"\">Qualsiasi musicista, giunto ad un livello tecnico che gli consenta di esprimere le emozioni racchiuse nella parte pi\u00f9 intima dell\u2019anima, prova a spingere il proprio strumento oltre le sue oggettive possibilit\u00e0 strutturali.\nTalvolta, studiare fino allo spasimo pu\u00f2 non bastare.\nPer ampliare la gamma delle sonorit\u00e0, per rendere pi\u00f9 nitido un passaggio virtuosistico, \u00e8 necessario che lo strumento abbia le giuste caratteristiche e che sia messo in condizione di dare il massimo.<\/span><br class=\"\" \/><br class=\"\" \/><span class=\"\">La mia passione per la liuteria e per la ricerca di una \u201cmessa a punto\u201d corretta, nasce dalla profonda esigenza di trovare l\u2019equilibrio perfetto che liberasse le mie capacit\u00e0 espressive ed esaltasse le qualit\u00e0 del mio Violino, uno splendido Pressenda.<\/span><br class=\"\" \/><br class=\"\" \/><span class=\"\">Lo studio delle grandi scuole di liuteria, dei materiali, delle bombature e degli spessori, diventa cos\u00ec importante per la mia formazione da risultare prioritario nella ricerca del suono.\u00a0<\/span><br class=\"\" \/><br class=\"\" \/><span class=\"\">Inizia cos\u00ec la mia spasmodica ricerca di strumenti di qualit\u00e0 e fascino, tra storia e tradizione, colore e marezzatura, costantemente immerso nel mondo della liuteria, consapevole del fatto che senza Bach, Beethoven e Brahms, non avrei trovato il senso del mio percorso.\u201d<\/span><\/span><\/p>\n<\/div>\n<p>\n\t\t\n\t<\/div>\n\t\n<\/div><\/div><\/div><\/div><div class=\"wpb_column vc_column_container vc_col-sm-9 vc_hidden-xs\"><div class=\"vc_column-inner\"><div class=\"wpb_wrapper\"><\/div><\/div><\/div><\/div><div class=\"vc_row-full-width vc_clearfix\"><\/div><\/div>\n<\/div>","protected":false},"excerpt":{"rendered":"ll Maestro Giovanni Setaro si forma dapprima come musicista per poi estendere le sue competenze all\u2019arte della costruzione e del restauro di strumenti ad arco. Grazie a questa duplice conoscenza, della musica e dello strumento, \u00e8 diventato un punto di riferimento per tantissimi musicisti, potendo per loro modulare e fissare il suono migliore.\u201cLa ricerca del&hellip;","protected":false},"author":1,"featured_media":0,"parent":0,"menu_order":0,"comment_status":"closed","ping_status":"closed","template":"","meta":{"_acf_changed":false,"footnotes":""},"class_list":["post-75","page","type-page","status-publish","hentry"],"acf":[],"aioseo_notices":[],"_links":{"self":[{"href":"https:\/\/setarofineinstruments.com\/it\/wp-json\/wp\/v2\/pages\/75","targetHints":{"allow":["GET"]}}],"collection":[{"href":"https:\/\/setarofineinstruments.com\/it\/wp-json\/wp\/v2\/pages"}],"about":[{"href":"https:\/\/setarofineinstruments.com\/it\/wp-json\/wp\/v2\/types\/page"}],"author":[{"embeddable":true,"href":"https:\/\/setarofineinstruments.com\/it\/wp-json\/wp\/v2\/users\/1"}],"replies":[{"embeddable":true,"href":"https:\/\/setarofineinstruments.com\/it\/wp-json\/wp\/v2\/comments?post=75"}],"version-history":[{"count":0,"href":"https:\/\/setarofineinstruments.com\/it\/wp-json\/wp\/v2\/pages\/75\/revisions"}],"wp:attachment":[{"href":"https:\/\/setarofineinstruments.com\/it\/wp-json\/wp\/v2\/media?parent=75"}],"curies":[{"name":"wp","href":"https:\/\/api.w.org\/{rel}","templated":true}]}}